{"id":241,"date":"2020-08-19T12:47:48","date_gmt":"2020-08-19T10:47:48","guid":{"rendered":"https:\/\/ttundh.de\/sv2020\/?page_id=241"},"modified":"2023-03-30T14:25:42","modified_gmt":"2023-03-30T12:25:42","slug":"chlorin-e6","status":"publish","type":"page","link":"https:\/\/www.synverdis.de\/?page_id=241","title":{"rendered":"Chlorin E6"},"content":{"rendered":"<div id=\"pl-241\"  class=\"panel-layout\" ><div id=\"pg-241-0\"  class=\"panel-grid panel-has-style\" ><div class=\"siteorigin-panels-stretch panel-row-style panel-row-style-for-241-0\" data-stretch-type=\"full-stretched\" ><div id=\"pgc-241-0-0\"  class=\"panel-grid-cell panel-grid-cell-empty\" ><\/div><div id=\"pgc-241-0-1\"  class=\"panel-grid-cell panel-grid-cell-mobile-last\" ><div id=\"panel-241-0-1-0\" class=\"so-panel widget widget_siteorigin-panels-builder panel-first-child panel-last-child\" data-index=\"0\" ><div id=\"pl-w64257fa294a3c\"  class=\"panel-layout\" ><div id=\"pg-w64257fa294a3c-0\"  class=\"panel-grid panel-no-style\" ><div id=\"pgc-w64257fa294a3c-0-0\"  class=\"panel-grid-cell\" ><div id=\"panel-w64257fa294a3c-0-0-0\" class=\"so-panel widget widget_sow-image panel-first-child panel-last-child\" data-index=\"0\" ><div\n\t\t\t\n\t\t\tclass=\"so-widget-sow-image so-widget-sow-image-default-8b5b6f678277\"\n\t\t\t\n\t\t>\n<div class=\"sow-image-container\">\n\t\t<img \n\tsrc=\"https:\/\/www.synverdis.de\/wp-content\/uploads\/2023\/03\/de.png\" width=\"16\" height=\"11\" sizes=\"(max-width: 16px) 100vw, 16px\" alt=\"\" \t\tclass=\"so-widget-image\"\/>\n\t<\/div>\n\n<\/div><\/div><\/div><div id=\"pgc-w64257fa294a3c-0-1\"  class=\"panel-grid-cell\" ><div id=\"panel-w64257fa294a3c-0-1-0\" class=\"so-panel widget widget_sow-image panel-first-child panel-last-child\" data-index=\"1\" ><div\n\t\t\t\n\t\t\tclass=\"so-widget-sow-image so-widget-sow-image-default-8b5b6f678277\"\n\t\t\t\n\t\t>\n<div class=\"sow-image-container\">\n\t\t\t<a href=\"https:\/\/www.synverdis.de\/?page_id=1162&#038;lang=en\"\n\t\t\t\t\t>\n\t\t\t<img \n\tsrc=\"https:\/\/www.synverdis.de\/wp-content\/uploads\/2023\/03\/en-gb.png\" width=\"16\" height=\"11\" sizes=\"(max-width: 16px) 100vw, 16px\" alt=\"\" \t\tclass=\"so-widget-image\"\/>\n\t\t\t<\/a><\/div>\n\n<\/div><\/div><\/div><\/div><\/div><\/div><\/div><div id=\"pgc-241-0-2\"  class=\"panel-grid-cell panel-grid-cell-empty\" ><\/div><\/div><\/div><div id=\"pg-241-1\"  class=\"panel-grid panel-has-style\" ><div class=\"siteorigin-panels-stretch panel-row-style panel-row-style-for-241-1\" data-stretch-type=\"full-stretched\" ><div id=\"pgc-241-1-0\"  class=\"panel-grid-cell panel-grid-cell-empty\" ><\/div><div id=\"pgc-241-1-1\"  class=\"panel-grid-cell\" ><div id=\"panel-241-1-1-0\" class=\"so-panel widget widget_sow-image panel-first-child panel-last-child\" data-index=\"1\" ><div class=\"panel-widget-style panel-widget-style-for-241-1-1-0\" ><div\n\t\t\t\n\t\t\tclass=\"so-widget-sow-image so-widget-sow-image-default-8b5b6f678277-241\"\n\t\t\t\n\t\t>\n<div class=\"sow-image-container\">\n\t\t\t<a href=\"https:\/\/www.synverdis.de\/?page_id=82\"\n\t\t\t\t\t>\n\t\t\t<img \n\tsrc=\"https:\/\/www.synverdis.de\/wp-content\/uploads\/2020\/10\/4.png\" width=\"403\" height=\"350\" srcset=\"https:\/\/www.synverdis.de\/wp-content\/uploads\/2020\/10\/4.png 403w, https:\/\/www.synverdis.de\/wp-content\/uploads\/2020\/10\/4-300x261.png 300w\" sizes=\"(max-width: 403px) 100vw, 403px\" alt=\"\" \t\tclass=\"so-widget-image\"\/>\n\t\t\t<\/a><\/div>\n\n<\/div><\/div><\/div><\/div><div id=\"pgc-241-1-2\"  class=\"panel-grid-cell\" ><div id=\"panel-241-1-2-0\" class=\"so-panel widget widget_sow-image panel-first-child panel-last-child\" data-index=\"2\" ><div class=\"panel-widget-style panel-widget-style-for-241-1-2-0\" ><div\n\t\t\t\n\t\t\tclass=\"so-widget-sow-image so-widget-sow-image-default-8b5b6f678277-241\"\n\t\t\t\n\t\t>\n<div class=\"sow-image-container\">\n\t\t\t<a href=\"https:\/\/www.synverdis.de\/?page_id=172\"\n\t\t\t\t\t>\n\t\t\t<img \n\tsrc=\"https:\/\/www.synverdis.de\/wp-content\/uploads\/2020\/10\/3.png\" width=\"404\" height=\"350\" srcset=\"https:\/\/www.synverdis.de\/wp-content\/uploads\/2020\/10\/3.png 404w, https:\/\/www.synverdis.de\/wp-content\/uploads\/2020\/10\/3-300x260.png 300w\" sizes=\"(max-width: 404px) 100vw, 404px\" alt=\"\" \t\tclass=\"so-widget-image\"\/>\n\t\t\t<\/a><\/div>\n\n<\/div><\/div><\/div><\/div><div id=\"pgc-241-1-3\"  class=\"panel-grid-cell\" ><div id=\"panel-241-1-3-0\" class=\"so-panel widget widget_sow-image panel-first-child panel-last-child\" data-index=\"3\" ><div class=\"panel-widget-style panel-widget-style-for-241-1-3-0\" ><div\n\t\t\t\n\t\t\tclass=\"so-widget-sow-image so-widget-sow-image-default-8b5b6f678277-241\"\n\t\t\t\n\t\t>\n<div class=\"sow-image-container\">\n\t\t\t<a href=\"https:\/\/www.synverdis.de\/?page_id=183\"\n\t\t\t\t\t>\n\t\t\t<img \n\tsrc=\"https:\/\/www.synverdis.de\/wp-content\/uploads\/2020\/10\/2.png\" width=\"403\" height=\"350\" srcset=\"https:\/\/www.synverdis.de\/wp-content\/uploads\/2020\/10\/2.png 403w, https:\/\/www.synverdis.de\/wp-content\/uploads\/2020\/10\/2-300x261.png 300w\" sizes=\"(max-width: 403px) 100vw, 403px\" alt=\"\" \t\tclass=\"so-widget-image\"\/>\n\t\t\t<\/a><\/div>\n\n<\/div><\/div><\/div><\/div><div id=\"pgc-241-1-4\"  class=\"panel-grid-cell\" ><div id=\"panel-241-1-4-0\" class=\"so-panel widget widget_sow-image panel-first-child panel-last-child\" data-index=\"4\" ><div class=\"panel-widget-style panel-widget-style-for-241-1-4-0\" ><div\n\t\t\t\n\t\t\tclass=\"so-widget-sow-image so-widget-sow-image-default-8b5b6f678277-241\"\n\t\t\t\n\t\t>\n<div class=\"sow-image-container\">\n\t\t<img \n\tsrc=\"https:\/\/www.synverdis.de\/wp-content\/uploads\/2020\/10\/1.png\" width=\"404\" height=\"350\" srcset=\"https:\/\/www.synverdis.de\/wp-content\/uploads\/2020\/10\/1.png 404w, https:\/\/www.synverdis.de\/wp-content\/uploads\/2020\/10\/1-300x260.png 300w\" sizes=\"(max-width: 404px) 100vw, 404px\" alt=\"\" \t\tclass=\"so-widget-image\"\/>\n\t<\/div>\n\n<\/div><\/div><\/div><\/div><div id=\"pgc-241-1-5\"  class=\"panel-grid-cell\" ><div id=\"panel-241-1-5-0\" class=\"so-panel widget widget_sow-image panel-first-child\" data-index=\"5\" ><div class=\"panel-widget-style panel-widget-style-for-241-1-5-0\" ><div\n\t\t\t\n\t\t\tclass=\"so-widget-sow-image so-widget-sow-image-default-dbf295114b96-241\"\n\t\t\t\n\t\t>\n<div class=\"sow-image-container\">\n\t\t\t<a href=\"https:\/\/www.synverdis.de\"\n\t\t\t\t\t>\n\t\t\t<img \n\tsrc=\"https:\/\/www.synverdis.de\/wp-content\/uploads\/2020\/10\/logo_v1-1.png\" width=\"517\" height=\"109\" srcset=\"https:\/\/www.synverdis.de\/wp-content\/uploads\/2020\/10\/logo_v1-1.png 517w, https:\/\/www.synverdis.de\/wp-content\/uploads\/2020\/10\/logo_v1-1-300x63.png 300w\" sizes=\"(max-width: 517px) 100vw, 517px\" title=\"logo_v1\" alt=\"\" \t\tclass=\"so-widget-image\"\/>\n\t\t\t<\/a><\/div>\n\n<\/div><\/div><\/div><div id=\"panel-241-1-5-1\" class=\"so-panel widget widget_siteorigin-panels-builder panel-last-child\" data-index=\"6\" ><div id=\"pl-w6034d3f05e924\"  class=\"panel-layout\" ><div id=\"pg-w6034d3f05e924-0\"  class=\"panel-grid panel-no-style\" ><div id=\"pgc-w6034d3f05e924-0-0\"  class=\"panel-grid-cell panel-grid-cell-empty\" ><\/div><div id=\"pgc-w6034d3f05e924-0-1\"  class=\"panel-grid-cell panel-grid-cell-mobile-last\" ><div id=\"panel-w6034d3f05e924-0-1-0\" class=\"so-panel widget widget_sow-image panel-first-child panel-last-child\" data-index=\"0\" ><div\n\t\t\t\n\t\t\tclass=\"so-widget-sow-image so-widget-sow-image-default-8b5b6f678277\"\n\t\t\t\n\t\t>\n<div class=\"sow-image-container\">\n\t\t\t<a href=\"https:\/\/www.youtube.com\/channel\/UC0QP1Z1x544yIyZznNy--Hw\/videos\"\n\t\t\ttarget=\"_blank\" rel=\"noopener noreferrer\" \t\t>\n\t\t\t<img \n\tsrc=\"https:\/\/www.synverdis.de\/wp-content\/uploads\/2021\/02\/media_lounge_fi2.png\" width=\"404\" height=\"350\" srcset=\"https:\/\/www.synverdis.de\/wp-content\/uploads\/2021\/02\/media_lounge_fi2.png 404w, https:\/\/www.synverdis.de\/wp-content\/uploads\/2021\/02\/media_lounge_fi2-300x260.png 300w\" sizes=\"(max-width: 404px) 100vw, 404px\" alt=\"\" \t\tclass=\"so-widget-image\"\/>\n\t\t\t<\/a><\/div>\n\n<\/div><\/div><\/div><div id=\"pgc-w6034d3f05e924-0-2\"  class=\"panel-grid-cell panel-grid-cell-empty\" ><\/div><\/div><\/div><\/div><\/div><div id=\"pgc-241-1-6\"  class=\"panel-grid-cell\" ><div id=\"panel-241-1-6-0\" class=\"so-panel widget widget_sow-image panel-first-child panel-last-child\" data-index=\"7\" ><div class=\"panel-widget-style panel-widget-style-for-241-1-6-0\" ><div\n\t\t\t\n\t\t\tclass=\"so-widget-sow-image so-widget-sow-image-default-8b5b6f678277-241\"\n\t\t\t\n\t\t>\n<div class=\"sow-image-container\">\n\t\t\t<a href=\"https:\/\/www.synverdis.de\/?page_id=542\"\n\t\t\t\t\t>\n\t\t\t<img \n\tsrc=\"https:\/\/www.synverdis.de\/wp-content\/uploads\/2020\/10\/kontakt_fi.png\" width=\"404\" height=\"350\" srcset=\"https:\/\/www.synverdis.de\/wp-content\/uploads\/2020\/10\/kontakt_fi.png 404w, https:\/\/www.synverdis.de\/wp-content\/uploads\/2020\/10\/kontakt_fi-300x260.png 300w\" sizes=\"(max-width: 404px) 100vw, 404px\" alt=\"\" \t\tclass=\"so-widget-image\"\/>\n\t\t\t<\/a><\/div>\n\n<\/div><\/div><\/div><\/div><div id=\"pgc-241-1-7\"  class=\"panel-grid-cell\" ><div id=\"panel-241-1-7-0\" class=\"so-panel widget widget_sow-image panel-first-child panel-last-child\" data-index=\"8\" ><div class=\"panel-widget-style panel-widget-style-for-241-1-7-0\" ><div\n\t\t\t\n\t\t\tclass=\"so-widget-sow-image so-widget-sow-image-default-8b5b6f678277-241\"\n\t\t\t\n\t\t>\n<div class=\"sow-image-container\">\n\t\t\t<a href=\"https:\/\/www.synverdis.de\/?page_id=1003\"\n\t\t\t\t\t>\n\t\t\t<img \n\tsrc=\"https:\/\/www.synverdis.de\/wp-content\/uploads\/2020\/10\/aktuelles_fi.png\" width=\"404\" height=\"350\" srcset=\"https:\/\/www.synverdis.de\/wp-content\/uploads\/2020\/10\/aktuelles_fi.png 404w, https:\/\/www.synverdis.de\/wp-content\/uploads\/2020\/10\/aktuelles_fi-300x260.png 300w\" sizes=\"(max-width: 404px) 100vw, 404px\" alt=\"\" \t\tclass=\"so-widget-image\"\/>\n\t\t\t<\/a><\/div>\n\n<\/div><\/div><\/div><\/div><div id=\"pgc-241-1-8\"  class=\"panel-grid-cell\" ><div id=\"panel-241-1-8-0\" class=\"so-panel widget widget_sow-image panel-first-child panel-last-child\" data-index=\"9\" ><div class=\"panel-widget-style panel-widget-style-for-241-1-8-0\" ><div\n\t\t\t\n\t\t\tclass=\"so-widget-sow-image so-widget-sow-image-default-8b5b6f678277-241\"\n\t\t\t\n\t\t>\n<div class=\"sow-image-container\">\n\t\t\t<a href=\"https:\/\/www.synverdis.de\/?page_id=177\"\n\t\t\t\t\t>\n\t\t\t<img \n\tsrc=\"https:\/\/www.synverdis.de\/wp-content\/uploads\/2020\/10\/team_fi.png\" width=\"404\" height=\"350\" srcset=\"https:\/\/www.synverdis.de\/wp-content\/uploads\/2020\/10\/team_fi.png 404w, https:\/\/www.synverdis.de\/wp-content\/uploads\/2020\/10\/team_fi-300x260.png 300w\" sizes=\"(max-width: 404px) 100vw, 404px\" alt=\"\" \t\tclass=\"so-widget-image\"\/>\n\t\t\t<\/a><\/div>\n\n<\/div><\/div><\/div><\/div><div id=\"pgc-241-1-9\"  class=\"panel-grid-cell panel-grid-cell-mobile-last\" ><div id=\"panel-241-1-9-0\" class=\"so-panel widget widget_sow-image panel-first-child panel-last-child\" data-index=\"10\" ><div class=\"panel-widget-style panel-widget-style-for-241-1-9-0\" ><div\n\t\t\t\n\t\t\tclass=\"so-widget-sow-image so-widget-sow-image-default-8b5b6f678277-241\"\n\t\t\t\n\t\t>\n<div class=\"sow-image-container\">\n\t\t\t<a href=\"https:\/\/www.synverdis.de\/?page_id=517\"\n\t\t\t\t\t>\n\t\t\t<img \n\tsrc=\"https:\/\/www.synverdis.de\/wp-content\/uploads\/2020\/10\/profil_fi.png\" width=\"404\" height=\"350\" srcset=\"https:\/\/www.synverdis.de\/wp-content\/uploads\/2020\/10\/profil_fi.png 404w, https:\/\/www.synverdis.de\/wp-content\/uploads\/2020\/10\/profil_fi-300x260.png 300w\" sizes=\"(max-width: 404px) 100vw, 404px\" alt=\"\" \t\tclass=\"so-widget-image\"\/>\n\t\t\t<\/a><\/div>\n\n<\/div><\/div><\/div><\/div><div id=\"pgc-241-1-10\"  class=\"panel-grid-cell panel-grid-cell-empty\" ><\/div><\/div><\/div><div id=\"pg-241-2\"  class=\"panel-grid panel-has-style\" ><div class=\"siteorigin-panels-stretch panel-row-style panel-row-style-for-241-2\" data-stretch-type=\"full-stretched\" ><div id=\"pgc-241-2-0\"  class=\"panel-grid-cell\" ><div id=\"panel-241-2-0-0\" class=\"so-panel widget widget_sow-editor panel-first-child panel-last-child\" data-index=\"11\" ><div class=\"panel-widget-style panel-widget-style-for-241-2-0-0\" ><div\n\t\t\t\n\t\t\tclass=\"so-widget-sow-editor so-widget-sow-editor-base\"\n\t\t\t\n\t\t>\n<div class=\"siteorigin-widget-tinymce textwidget\">\n\t<div style=\"display: none;\" class=\"crellyslider-slider crellyslider-slider-full-width crellyslider-slider-chlorin crellyslider-10\" id=\"crellyslider-10\">\n<ul>\n<li\nstyle=\"\nbackground-color: transparent;\nbackground-image: none;\nbackground-position: center center;\nbackground-repeat: no-repeat;\nbackground-size: cover;\n\n\"\ndata-in=\"fade\"\ndata-ease-in=\"300\"\ndata-out=\"fade\"\ndata-ease-out=\"300\"\ndata-time=\"3000\"\n>\n<a class=\"cs-background-link\" target=\"_blank\" href=\"https:\/\/www.youtube.com\/watch?v=PqgygSWbzVY\"><\/a><img\nclass=\"\"\nsrc=\"https:\/\/www.synverdis.de\/wp-content\/uploads\/2020\/10\/play_yt-e1597945088728.png\"\nalt=\"\"\nstyle=\"\nz-index: 1;\n\n\"\ndata-delay=\"0\"\ndata-ease-in=\"300\"\ndata-ease-out=\"300\"\ndata-in=\"fade\"\ndata-out=\"fade\"\ndata-ignore-ease-out=\"0\"\ndata-top=\"358\"\ndata-left=\"885\"\ndata-time=\"all\"\n\/>\n<a\ndata-delay=\"0\"\ndata-ease-in=\"300\"\ndata-ease-out=\"300\"\ndata-in=\"fade\"\ndata-out=\"fade\"\ndata-ignore-ease-out=\"0\"\ndata-top=\"411\"\ndata-left=\"410\"\ndata-time=\"all\"\nhref=\"https:\/\/www.youtube.com\/watch?v=PqgygSWbzVY\"\ntarget=\"_blank\"\nstyle=\"z-index: 1;\n\">\n<img\nclass=\"\"\nsrc=\"https:\/\/www.synverdis.de\/wp-content\/uploads\/2020\/10\/logo_big-e1603197913548.png\"\nalt=\"\"\nstyle=\"\n\n\"\n\/>\n<\/a>\n<\/li>\n<\/ul>\n<\/div>\n<script type=\"text\/javascript\">\n(function($) {\n$(document).ready(function() {\n$(\"#crellyslider-10\").crellySlider({\nlayout: 'full-width',\nresponsive: 1,\nstartWidth: 1920,\nstartHeight: 821,\nautomaticSlide: 0,\nshowControls: 0,\nshowNavigation: 0,\nenableSwipe: 1,\nshowProgressBar: 0,\npauseOnHover: 1,\nrandomOrder: 0,\nstartFromSlide: 0,\nbeforeStart : function() {},\nbeforeSetResponsive : function() {},\nbeforeSlideStart : function() {},\nbeforePause\t: function() {},\nbeforeResume : function() {},\n});\n});\n})(jQuery);\n<\/script>\n\n<\/div>\n<\/div><\/div><\/div><\/div><\/div><\/div><div id=\"pg-241-3\"  class=\"panel-grid panel-has-style\" ><div class=\"panel-row-style panel-row-style-for-241-3\" ><div id=\"pgc-241-3-0\"  class=\"panel-grid-cell panel-grid-cell-empty\" ><\/div><div id=\"pgc-241-3-1\"  class=\"panel-grid-cell panel-grid-cell-empty\" ><\/div><div id=\"pgc-241-3-2\"  class=\"panel-grid-cell panel-grid-cell-empty\" ><\/div><div id=\"pgc-241-3-3\"  class=\"panel-grid-cell panel-grid-cell-mobile-last\" ><div id=\"panel-241-3-3-0\" class=\"so-panel widget widget_sow-image panel-first-child panel-last-child\" data-index=\"12\" ><div\n\t\t\t\n\t\t\tclass=\"so-widget-sow-image so-widget-sow-image-default-8b5b6f678277-241\"\n\t\t\t\n\t\t>\n<div class=\"sow-image-container\">\n\t\t<img \n\tsrc=\"https:\/\/www.synverdis.de\/wp-content\/uploads\/2020\/10\/chlorin_s.png\" width=\"450\" height=\"400\" srcset=\"https:\/\/www.synverdis.de\/wp-content\/uploads\/2020\/10\/chlorin_s.png 450w, https:\/\/www.synverdis.de\/wp-content\/uploads\/2020\/10\/chlorin_s-300x267.png 300w\" sizes=\"(max-width: 450px) 100vw, 450px\" alt=\"\" \t\tclass=\"so-widget-image\"\/>\n\t<\/div>\n\n<\/div><\/div><\/div><div id=\"pgc-241-3-4\"  class=\"panel-grid-cell panel-grid-cell-empty\" ><\/div><\/div><\/div><div id=\"pg-241-4\"  class=\"panel-grid panel-no-style\" ><div id=\"pgc-241-4-0\"  class=\"panel-grid-cell panel-grid-cell-empty\" ><\/div><div id=\"pgc-241-4-1\"  class=\"panel-grid-cell\" ><div id=\"panel-241-4-1-0\" class=\"so-panel widget widget_sow-image panel-first-child panel-last-child\" data-index=\"13\" ><div\n\t\t\t\n\t\t\tclass=\"so-widget-sow-image so-widget-sow-image-default-8b5b6f678277-241\"\n\t\t\t\n\t\t>\n<div class=\"sow-image-container\">\n\t\t<img \n\tsrc=\"https:\/\/www.synverdis.de\/wp-content\/uploads\/2020\/10\/chlorin.jpg\" width=\"583\" height=\"799\" srcset=\"https:\/\/www.synverdis.de\/wp-content\/uploads\/2020\/10\/chlorin.jpg 583w, https:\/\/www.synverdis.de\/wp-content\/uploads\/2020\/10\/chlorin-219x300.jpg 219w\" sizes=\"(max-width: 583px) 100vw, 583px\" alt=\"\" \t\tclass=\"so-widget-image\"\/>\n\t<\/div>\n\n<\/div><\/div><\/div><div id=\"pgc-241-4-2\"  class=\"panel-grid-cell panel-grid-cell-mobile-last\" ><div id=\"panel-241-4-2-0\" class=\"so-panel widget widget_sow-editor panel-first-child\" data-index=\"14\" ><div class=\"panel-widget-style panel-widget-style-for-241-4-2-0\" ><div\n\t\t\t\n\t\t\tclass=\"so-widget-sow-editor so-widget-sow-editor-base\"\n\t\t\t\n\t\t>\n<div class=\"siteorigin-widget-tinymce textwidget\">\n\t<h1><span style=\"color: #808080;\">Chlorin e6<\/span><\/h1>\n<p>Chlorin E6 Trinatriumsalz ist ein sogenannter Photosensibilisator, welcher sich selektiv in neoplastischem Gewebe anreichert. Das gr\u00fcne Porphyrin wird aus Pflanzenmaterial und somit aus einer unersch\u00f6pflichen Rohstoffquelle von der Synverdis GmbH nach den Richtlinien der pharmazeutischen Industrie unter GMP-Bedingungen hergestellt.<\/p>\n<\/div>\n<\/div><\/div><\/div><div id=\"panel-241-4-2-1\" class=\"so-panel widget widget_siteorigin-panels-builder\" data-index=\"15\" ><div class=\"panel-widget-style panel-widget-style-for-241-4-2-1\" ><div id=\"pl-w5f877008dda7e\"  class=\"panel-layout\" ><div id=\"pg-w5f877008dda7e-0\"  class=\"panel-grid panel-has-style\" ><div class=\"panel-row-style panel-row-style-for-w5f877008dda7e-0\" ><div id=\"pgc-w5f877008dda7e-0-0\"  class=\"panel-grid-cell\" ><div id=\"panel-w5f877008dda7e-0-0-0\" class=\"so-panel widget widget_sow-editor panel-first-child panel-last-child\" data-index=\"0\" ><div\n\t\t\t\n\t\t\tclass=\"so-widget-sow-editor so-widget-sow-editor-base\"\n\t\t\t\n\t\t>\n<div class=\"siteorigin-widget-tinymce textwidget\">\n\t<p><span style=\"color: #94d60a;\"><strong>Klinische Studie Phase IIb<\/strong><\/span><\/p>\n<\/div>\n<\/div><\/div><\/div><\/div><\/div><div id=\"pg-w5f877008dda7e-1\"  class=\"panel-grid panel-has-style\" ><div class=\"panel-row-style panel-row-style-for-w5f877008dda7e-1\" ><div id=\"pgc-w5f877008dda7e-1-0\"  class=\"panel-grid-cell\" ><div id=\"panel-w5f877008dda7e-1-0-0\" class=\"so-panel widget widget_sow-editor panel-first-child panel-last-child\" data-index=\"1\" ><div\n\t\t\t\n\t\t\tclass=\"so-widget-sow-editor so-widget-sow-editor-base\"\n\t\t\t\n\t\t>\n<div class=\"siteorigin-widget-tinymce textwidget\">\n\t<p>Die Firma Synverdis verf\u00fcgt des Weiteren \u00fcber die gesamten Unterlagen zu den pr\u00e4klinischen Untersuchungen, die nach den internationalen ICH-Richtlinien zur Durchf\u00fchrung einer Arzneimittelzulassung<\/p>\n<\/div>\n<\/div><\/div><\/div><div id=\"pgc-w5f877008dda7e-1-1\"  class=\"panel-grid-cell\" ><div id=\"panel-w5f877008dda7e-1-1-0\" class=\"so-panel widget widget_sow-editor panel-first-child panel-last-child\" data-index=\"2\" ><div\n\t\t\t\n\t\t\tclass=\"so-widget-sow-editor so-widget-sow-editor-base\"\n\t\t\t\n\t\t>\n<div class=\"siteorigin-widget-tinymce textwidget\">\n\t<p>notwendig sind. <\/p>\n<p>Die Substanz wurde au\u00dferdem bereits erfolgreich in einer klinischen Studie der Phase IIb f\u00fcr die Therapie des zentralen Bronchialkarzinoms getestet.<\/p>\n<\/div>\n<\/div><\/div><\/div><\/div><\/div><\/div><\/div><\/div><div id=\"panel-241-4-2-2\" class=\"so-panel widget widget_siteorigin-panels-builder panel-last-child\" data-index=\"16\" ><div class=\"panel-widget-style panel-widget-style-for-241-4-2-2\" ><div id=\"pl-w5f87708a1aded\"  class=\"panel-layout\" ><div id=\"pg-w5f87708a1aded-0\"  class=\"panel-grid panel-no-style\" ><div id=\"pgc-w5f87708a1aded-0-0\"  class=\"panel-grid-cell\" ><div id=\"panel-w5f87708a1aded-0-0-0\" class=\"so-panel widget widget_sow-editor panel-first-child panel-last-child\" data-index=\"0\" ><div\n\t\t\t\n\t\t\tclass=\"so-widget-sow-editor so-widget-sow-editor-base\"\n\t\t\t\n\t\t>\n<div class=\"siteorigin-widget-tinymce textwidget\">\n\t<p><span style=\"color: #94d60a;\"><strong>Keine auff\u00e4lligen Nebenwirkungen<\/strong><\/span><\/p>\n<\/div>\n<\/div><\/div><\/div><\/div><div id=\"pg-w5f87708a1aded-1\"  class=\"panel-grid panel-has-style\" ><div class=\"panel-row-style panel-row-style-for-w5f87708a1aded-1\" ><div id=\"pgc-w5f87708a1aded-1-0\"  class=\"panel-grid-cell\" ><div id=\"panel-w5f87708a1aded-1-0-0\" class=\"so-panel widget widget_sow-editor panel-first-child panel-last-child\" data-index=\"1\" ><div\n\t\t\t\n\t\t\tclass=\"so-widget-sow-editor so-widget-sow-editor-base\"\n\t\t\t\n\t\t>\n<div class=\"siteorigin-widget-tinymce textwidget\">\n\t<p>In den vorliegenden Untersuchungen und Erfahrungen in Rahmen von Heilversuchen zeigte Chlorin keine schwerwie-<\/p>\n<\/div>\n<\/div><\/div><\/div><div id=\"pgc-w5f87708a1aded-1-1\"  class=\"panel-grid-cell\" ><div id=\"panel-w5f87708a1aded-1-1-0\" class=\"so-panel widget widget_sow-editor panel-first-child panel-last-child\" data-index=\"2\" ><div\n\t\t\t\n\t\t\tclass=\"so-widget-sow-editor so-widget-sow-editor-base\"\n\t\t\t\n\t\t>\n<div class=\"siteorigin-widget-tinymce textwidget\">\n\t<p>genden Nebenwirkungen. Es besitzt, wie man sagt, keinerlei Dunkeltoxizit\u00e4t.<\/p>\n<\/div>\n<\/div><\/div><\/div><\/div><\/div><\/div><\/div><\/div><\/div><div id=\"pgc-241-4-3\"  class=\"panel-grid-cell panel-grid-cell-empty\" ><\/div><\/div><\/div>","protected":false},"excerpt":{"rendered":"<p>Chlorin e6 Chlorin E6 Trinatriumsalz ist ein sogenannter Photosensibilisator, welcher sich selektiv in neoplastischem Gewebe anreichert. Das gr\u00fcne Porphyrin wird aus Pflanzenmaterial und somit aus einer unersch\u00f6pflichen Rohstoffquelle von der Synverdis GmbH nach den Richtlinien der pharmazeutischen Industrie unter GMP-Bedingungen hergestellt. Klinische Studie Phase IIb Die Firma Synverdis verf\u00fcgt des Weiteren \u00fcber die gesamten Unterlagen [&hellip;]<\/p>\n","protected":false},"author":3,"featured_media":0,"parent":0,"menu_order":0,"comment_status":"closed","ping_status":"closed","template":"fullwidth.php","meta":{"footnotes":""},"class_list":["post-241","page","type-page","status-publish","hentry"],"_links":{"self":[{"href":"https:\/\/www.synverdis.de\/index.php?rest_route=\/wp\/v2\/pages\/241","targetHints":{"allow":["GET"]}}],"collection":[{"href":"https:\/\/www.synverdis.de\/index.php?rest_route=\/wp\/v2\/pages"}],"about":[{"href":"https:\/\/www.synverdis.de\/index.php?rest_route=\/wp\/v2\/types\/page"}],"author":[{"embeddable":true,"href":"https:\/\/www.synverdis.de\/index.php?rest_route=\/wp\/v2\/users\/3"}],"replies":[{"embeddable":true,"href":"https:\/\/www.synverdis.de\/index.php?rest_route=%2Fwp%2Fv2%2Fcomments&post=241"}],"version-history":[{"count":5,"href":"https:\/\/www.synverdis.de\/index.php?rest_route=\/wp\/v2\/pages\/241\/revisions"}],"predecessor-version":[{"id":1427,"href":"https:\/\/www.synverdis.de\/index.php?rest_route=\/wp\/v2\/pages\/241\/revisions\/1427"}],"wp:attachment":[{"href":"https:\/\/www.synverdis.de\/index.php?rest_route=%2Fwp%2Fv2%2Fmedia&parent=241"}],"curies":[{"name":"wp","href":"https:\/\/api.w.org\/{rel}","templated":true}]}}