{"id":172,"date":"2020-08-18T20:07:43","date_gmt":"2020-08-18T18:07:43","guid":{"rendered":"https:\/\/ttundh.de\/sv2020\/?page_id=172"},"modified":"2023-03-30T15:39:21","modified_gmt":"2023-03-30T13:39:21","slug":"entwicklung","status":"publish","type":"page","link":"https:\/\/www.synverdis.de\/?page_id=172","title":{"rendered":"Entwicklung"},"content":{"rendered":"<div id=\"pl-172\"  class=\"panel-layout\" ><div id=\"pg-172-0\"  class=\"panel-grid panel-has-style\" ><div class=\"siteorigin-panels-stretch panel-row-style panel-row-style-for-172-0\" data-stretch-type=\"full-stretched\" ><div id=\"pgc-172-0-0\"  class=\"panel-grid-cell panel-grid-cell-empty\" ><\/div><div id=\"pgc-172-0-1\"  class=\"panel-grid-cell panel-grid-cell-mobile-last\" ><div id=\"panel-172-0-1-0\" class=\"so-panel widget widget_siteorigin-panels-builder panel-first-child panel-last-child\" data-index=\"0\" ><div id=\"pl-w64255c0c14746\"  class=\"panel-layout\" ><div id=\"pg-w64255c0c14746-0\"  class=\"panel-grid panel-no-style\" ><div id=\"pgc-w64255c0c14746-0-0\"  class=\"panel-grid-cell\" ><div id=\"panel-w64255c0c14746-0-0-0\" class=\"so-panel widget widget_sow-image panel-first-child panel-last-child\" data-index=\"0\" ><div\n\t\t\t\n\t\t\tclass=\"so-widget-sow-image so-widget-sow-image-default-8b5b6f678277\"\n\t\t\t\n\t\t>\n<div class=\"sow-image-container\">\n\t\t<img \n\tsrc=\"https:\/\/www.synverdis.de\/wp-content\/uploads\/2023\/03\/de.png\" width=\"16\" height=\"11\" sizes=\"(max-width: 16px) 100vw, 16px\" alt=\"\" \t\tclass=\"so-widget-image\"\/>\n\t<\/div>\n\n<\/div><\/div><\/div><div id=\"pgc-w64255c0c14746-0-1\"  class=\"panel-grid-cell\" ><div id=\"panel-w64255c0c14746-0-1-0\" class=\"so-panel widget widget_sow-image panel-first-child panel-last-child\" data-index=\"1\" ><div\n\t\t\t\n\t\t\tclass=\"so-widget-sow-image so-widget-sow-image-default-8b5b6f678277\"\n\t\t\t\n\t\t>\n<div class=\"sow-image-container\">\n\t\t\t<a href=\"https:\/\/www.synverdis.de\/?page_id=1154&#038;lang=en\"\n\t\t\t\t\t>\n\t\t\t<img \n\tsrc=\"https:\/\/www.synverdis.de\/wp-content\/uploads\/2023\/03\/en-gb.png\" width=\"16\" height=\"11\" sizes=\"(max-width: 16px) 100vw, 16px\" alt=\"\" \t\tclass=\"so-widget-image\"\/>\n\t\t\t<\/a><\/div>\n\n<\/div><\/div><\/div><\/div><\/div><\/div><\/div><div id=\"pgc-172-0-2\"  class=\"panel-grid-cell panel-grid-cell-empty\" ><\/div><\/div><\/div><div id=\"pg-172-1\"  class=\"panel-grid panel-has-style\" ><div class=\"siteorigin-panels-stretch panel-row-style panel-row-style-for-172-1\" data-stretch-type=\"full-stretched\" ><div id=\"pgc-172-1-0\"  class=\"panel-grid-cell panel-grid-cell-empty\" ><\/div><div id=\"pgc-172-1-1\"  class=\"panel-grid-cell\" ><div id=\"panel-172-1-1-0\" class=\"so-panel widget widget_sow-image panel-first-child panel-last-child\" data-index=\"1\" ><div class=\"panel-widget-style panel-widget-style-for-172-1-1-0\" ><div\n\t\t\t\n\t\t\tclass=\"so-widget-sow-image so-widget-sow-image-default-8b5b6f678277-172\"\n\t\t\t\n\t\t>\n<div class=\"sow-image-container\">\n\t\t\t<a href=\"https:\/\/www.synverdis.de\/?page_id=82\"\n\t\t\t\t\t>\n\t\t\t<img \n\tsrc=\"https:\/\/www.synverdis.de\/wp-content\/uploads\/2020\/10\/4.png\" width=\"403\" height=\"350\" srcset=\"https:\/\/www.synverdis.de\/wp-content\/uploads\/2020\/10\/4.png 403w, https:\/\/www.synverdis.de\/wp-content\/uploads\/2020\/10\/4-300x261.png 300w\" sizes=\"(max-width: 403px) 100vw, 403px\" alt=\"\" \t\tclass=\"so-widget-image\"\/>\n\t\t\t<\/a><\/div>\n\n<\/div><\/div><\/div><\/div><div id=\"pgc-172-1-2\"  class=\"panel-grid-cell\" ><div id=\"panel-172-1-2-0\" class=\"so-panel widget widget_sow-image panel-first-child panel-last-child\" data-index=\"2\" ><div class=\"panel-widget-style panel-widget-style-for-172-1-2-0\" ><div\n\t\t\t\n\t\t\tclass=\"so-widget-sow-image so-widget-sow-image-default-8b5b6f678277-172\"\n\t\t\t\n\t\t>\n<div class=\"sow-image-container\">\n\t\t<img \n\tsrc=\"https:\/\/www.synverdis.de\/wp-content\/uploads\/2020\/10\/3.png\" width=\"404\" height=\"350\" srcset=\"https:\/\/www.synverdis.de\/wp-content\/uploads\/2020\/10\/3.png 404w, https:\/\/www.synverdis.de\/wp-content\/uploads\/2020\/10\/3-300x260.png 300w\" sizes=\"(max-width: 404px) 100vw, 404px\" alt=\"\" \t\tclass=\"so-widget-image\"\/>\n\t<\/div>\n\n<\/div><\/div><\/div><\/div><div id=\"pgc-172-1-3\"  class=\"panel-grid-cell\" ><div id=\"panel-172-1-3-0\" class=\"so-panel widget widget_sow-image panel-first-child panel-last-child\" data-index=\"3\" ><div class=\"panel-widget-style panel-widget-style-for-172-1-3-0\" ><div\n\t\t\t\n\t\t\tclass=\"so-widget-sow-image so-widget-sow-image-default-8b5b6f678277-172\"\n\t\t\t\n\t\t>\n<div class=\"sow-image-container\">\n\t\t\t<a href=\"https:\/\/www.synverdis.de\/?page_id=183\"\n\t\t\t\t\t>\n\t\t\t<img \n\tsrc=\"https:\/\/www.synverdis.de\/wp-content\/uploads\/2020\/10\/2.png\" width=\"403\" height=\"350\" srcset=\"https:\/\/www.synverdis.de\/wp-content\/uploads\/2020\/10\/2.png 403w, https:\/\/www.synverdis.de\/wp-content\/uploads\/2020\/10\/2-300x261.png 300w\" sizes=\"(max-width: 403px) 100vw, 403px\" alt=\"\" \t\tclass=\"so-widget-image\"\/>\n\t\t\t<\/a><\/div>\n\n<\/div><\/div><\/div><\/div><div id=\"pgc-172-1-4\"  class=\"panel-grid-cell\" ><div id=\"panel-172-1-4-0\" class=\"so-panel widget widget_sow-image panel-first-child panel-last-child\" data-index=\"4\" ><div class=\"panel-widget-style panel-widget-style-for-172-1-4-0\" ><div\n\t\t\t\n\t\t\tclass=\"so-widget-sow-image so-widget-sow-image-default-8b5b6f678277-172\"\n\t\t\t\n\t\t>\n<div class=\"sow-image-container\">\n\t\t\t<a href=\"https:\/\/www.synverdis.de\/?page_id=241\"\n\t\t\t\t\t>\n\t\t\t<img \n\tsrc=\"https:\/\/www.synverdis.de\/wp-content\/uploads\/2020\/10\/chlorin_sma.png\" width=\"250\" height=\"217\" sizes=\"(max-width: 250px) 100vw, 250px\" alt=\"\" \t\tclass=\"so-widget-image\"\/>\n\t\t\t<\/a><\/div>\n\n<\/div><\/div><\/div><\/div><div id=\"pgc-172-1-5\"  class=\"panel-grid-cell\" ><div id=\"panel-172-1-5-0\" class=\"so-panel widget widget_sow-image panel-first-child\" data-index=\"5\" ><div class=\"panel-widget-style panel-widget-style-for-172-1-5-0\" ><div\n\t\t\t\n\t\t\tclass=\"so-widget-sow-image so-widget-sow-image-default-dbf295114b96-172\"\n\t\t\t\n\t\t>\n<div class=\"sow-image-container\">\n\t\t\t<a href=\"https:\/\/www.synverdis.de\"\n\t\t\t\t\t>\n\t\t\t<img \n\tsrc=\"https:\/\/www.synverdis.de\/wp-content\/uploads\/2020\/10\/logo_v1-1.png\" width=\"517\" height=\"109\" srcset=\"https:\/\/www.synverdis.de\/wp-content\/uploads\/2020\/10\/logo_v1-1.png 517w, https:\/\/www.synverdis.de\/wp-content\/uploads\/2020\/10\/logo_v1-1-300x63.png 300w\" sizes=\"(max-width: 517px) 100vw, 517px\" title=\"logo_v1\" alt=\"\" \t\tclass=\"so-widget-image\"\/>\n\t\t\t<\/a><\/div>\n\n<\/div><\/div><\/div><div id=\"panel-172-1-5-1\" class=\"so-panel widget widget_siteorigin-panels-builder panel-last-child\" data-index=\"6\" ><div id=\"pl-w6034d44cd764e\"  class=\"panel-layout\" ><div id=\"pg-w6034d44cd764e-0\"  class=\"panel-grid panel-no-style\" ><div id=\"pgc-w6034d44cd764e-0-0\"  class=\"panel-grid-cell panel-grid-cell-empty\" ><\/div><div id=\"pgc-w6034d44cd764e-0-1\"  class=\"panel-grid-cell panel-grid-cell-mobile-last\" ><div id=\"panel-w6034d44cd764e-0-1-0\" class=\"so-panel widget widget_sow-image panel-first-child panel-last-child\" data-index=\"0\" ><div\n\t\t\t\n\t\t\tclass=\"so-widget-sow-image so-widget-sow-image-default-8b5b6f678277\"\n\t\t\t\n\t\t>\n<div class=\"sow-image-container\">\n\t\t\t<a href=\"https:\/\/www.youtube.com\/channel\/UC0QP1Z1x544yIyZznNy--Hw\/videos\"\n\t\t\ttarget=\"_blank\" rel=\"noopener noreferrer\" \t\t>\n\t\t\t<img \n\tsrc=\"https:\/\/www.synverdis.de\/wp-content\/uploads\/2021\/02\/media_lounge_fi2.png\" width=\"404\" height=\"350\" srcset=\"https:\/\/www.synverdis.de\/wp-content\/uploads\/2021\/02\/media_lounge_fi2.png 404w, https:\/\/www.synverdis.de\/wp-content\/uploads\/2021\/02\/media_lounge_fi2-300x260.png 300w\" sizes=\"(max-width: 404px) 100vw, 404px\" alt=\"\" \t\tclass=\"so-widget-image\"\/>\n\t\t\t<\/a><\/div>\n\n<\/div><\/div><\/div><div id=\"pgc-w6034d44cd764e-0-2\"  class=\"panel-grid-cell panel-grid-cell-empty\" ><\/div><\/div><\/div><\/div><\/div><div id=\"pgc-172-1-6\"  class=\"panel-grid-cell\" ><div id=\"panel-172-1-6-0\" class=\"so-panel widget widget_sow-image panel-first-child panel-last-child\" data-index=\"7\" ><div class=\"panel-widget-style panel-widget-style-for-172-1-6-0\" ><div\n\t\t\t\n\t\t\tclass=\"so-widget-sow-image so-widget-sow-image-default-8b5b6f678277-172\"\n\t\t\t\n\t\t>\n<div class=\"sow-image-container\">\n\t\t\t<a href=\"https:\/\/www.synverdis.de\/?page_id=542\"\n\t\t\t\t\t>\n\t\t\t<img \n\tsrc=\"https:\/\/www.synverdis.de\/wp-content\/uploads\/2020\/10\/kontakt_fi.png\" width=\"404\" height=\"350\" srcset=\"https:\/\/www.synverdis.de\/wp-content\/uploads\/2020\/10\/kontakt_fi.png 404w, https:\/\/www.synverdis.de\/wp-content\/uploads\/2020\/10\/kontakt_fi-300x260.png 300w\" sizes=\"(max-width: 404px) 100vw, 404px\" alt=\"\" \t\tclass=\"so-widget-image\"\/>\n\t\t\t<\/a><\/div>\n\n<\/div><\/div><\/div><\/div><div id=\"pgc-172-1-7\"  class=\"panel-grid-cell\" ><div id=\"panel-172-1-7-0\" class=\"so-panel widget widget_sow-image panel-first-child panel-last-child\" data-index=\"8\" ><div class=\"panel-widget-style panel-widget-style-for-172-1-7-0\" ><div\n\t\t\t\n\t\t\tclass=\"so-widget-sow-image so-widget-sow-image-default-8b5b6f678277-172\"\n\t\t\t\n\t\t>\n<div class=\"sow-image-container\">\n\t\t\t<a href=\"https:\/\/www.synverdis.de\/?page_id=1003\"\n\t\t\t\t\t>\n\t\t\t<img \n\tsrc=\"https:\/\/www.synverdis.de\/wp-content\/uploads\/2020\/10\/aktuelles_fi.png\" width=\"404\" height=\"350\" srcset=\"https:\/\/www.synverdis.de\/wp-content\/uploads\/2020\/10\/aktuelles_fi.png 404w, https:\/\/www.synverdis.de\/wp-content\/uploads\/2020\/10\/aktuelles_fi-300x260.png 300w\" sizes=\"(max-width: 404px) 100vw, 404px\" alt=\"\" \t\tclass=\"so-widget-image\"\/>\n\t\t\t<\/a><\/div>\n\n<\/div><\/div><\/div><\/div><div id=\"pgc-172-1-8\"  class=\"panel-grid-cell\" ><div id=\"panel-172-1-8-0\" class=\"so-panel widget widget_sow-image panel-first-child panel-last-child\" data-index=\"9\" ><div class=\"panel-widget-style panel-widget-style-for-172-1-8-0\" ><div\n\t\t\t\n\t\t\tclass=\"so-widget-sow-image so-widget-sow-image-default-8b5b6f678277-172\"\n\t\t\t\n\t\t>\n<div class=\"sow-image-container\">\n\t\t\t<a href=\"https:\/\/www.synverdis.de\/?page_id=177\"\n\t\t\t\t\t>\n\t\t\t<img \n\tsrc=\"https:\/\/www.synverdis.de\/wp-content\/uploads\/2020\/10\/team_fi.png\" width=\"404\" height=\"350\" srcset=\"https:\/\/www.synverdis.de\/wp-content\/uploads\/2020\/10\/team_fi.png 404w, https:\/\/www.synverdis.de\/wp-content\/uploads\/2020\/10\/team_fi-300x260.png 300w\" sizes=\"(max-width: 404px) 100vw, 404px\" alt=\"\" \t\tclass=\"so-widget-image\"\/>\n\t\t\t<\/a><\/div>\n\n<\/div><\/div><\/div><\/div><div id=\"pgc-172-1-9\"  class=\"panel-grid-cell panel-grid-cell-mobile-last\" ><div id=\"panel-172-1-9-0\" class=\"so-panel widget widget_sow-image panel-first-child panel-last-child\" data-index=\"10\" ><div class=\"panel-widget-style panel-widget-style-for-172-1-9-0\" ><div\n\t\t\t\n\t\t\tclass=\"so-widget-sow-image so-widget-sow-image-default-8b5b6f678277-172\"\n\t\t\t\n\t\t>\n<div class=\"sow-image-container\">\n\t\t\t<a href=\"https:\/\/www.synverdis.de\/?page_id=517\"\n\t\t\t\t\t>\n\t\t\t<img \n\tsrc=\"https:\/\/www.synverdis.de\/wp-content\/uploads\/2020\/10\/profil_fi.png\" width=\"404\" height=\"350\" srcset=\"https:\/\/www.synverdis.de\/wp-content\/uploads\/2020\/10\/profil_fi.png 404w, https:\/\/www.synverdis.de\/wp-content\/uploads\/2020\/10\/profil_fi-300x260.png 300w\" sizes=\"(max-width: 404px) 100vw, 404px\" alt=\"\" \t\tclass=\"so-widget-image\"\/>\n\t\t\t<\/a><\/div>\n\n<\/div><\/div><\/div><\/div><div id=\"pgc-172-1-10\"  class=\"panel-grid-cell panel-grid-cell-empty\" ><\/div><\/div><\/div><div id=\"pg-172-2\"  class=\"panel-grid panel-has-style\" ><div class=\"siteorigin-panels-stretch panel-row-style panel-row-style-for-172-2\" data-stretch-type=\"full-stretched\" ><div id=\"pgc-172-2-0\"  class=\"panel-grid-cell\" ><div id=\"panel-172-2-0-0\" class=\"so-panel widget widget_sow-editor panel-first-child panel-last-child\" data-index=\"11\" ><div class=\"panel-widget-style panel-widget-style-for-172-2-0-0\" ><div\n\t\t\t\n\t\t\tclass=\"so-widget-sow-editor so-widget-sow-editor-base\"\n\t\t\t\n\t\t>\n<div class=\"siteorigin-widget-tinymce textwidget\">\n\t<div style=\"display: none;\" class=\"crellyslider-slider crellyslider-slider-full-width crellyslider-slider-entwicklung crellyslider-9\" id=\"crellyslider-9\">\n<ul>\n<li\nstyle=\"\nbackground-color: transparent;\nbackground-image: url('https:\/\/www.synverdis.de\/wp-content\/uploads\/2020\/10\/entwicklung.jpg');\nbackground-position: center center;\nbackground-repeat: no-repeat;\nbackground-size: cover;\n\n\"\ndata-in=\"fade\"\ndata-ease-in=\"300\"\ndata-out=\"fade\"\ndata-ease-out=\"300\"\ndata-time=\"3000\"\n>\n<\/li>\n<\/ul>\n<\/div>\n<script type=\"text\/javascript\">\n(function($) {\n$(document).ready(function() {\n$(\"#crellyslider-9\").crellySlider({\nlayout: 'full-width',\nresponsive: 1,\nstartWidth: 1920,\nstartHeight: 821,\nautomaticSlide: 0,\nshowControls: 0,\nshowNavigation: 0,\nenableSwipe: 1,\nshowProgressBar: 0,\npauseOnHover: 1,\nrandomOrder: 0,\nstartFromSlide: 0,\nbeforeStart : function() {},\nbeforeSetResponsive : function() {},\nbeforeSlideStart : function() {},\nbeforePause\t: function() {},\nbeforeResume : function() {},\n});\n});\n})(jQuery);\n<\/script>\n\n<\/div>\n<\/div><\/div><\/div><\/div><\/div><\/div><div id=\"pg-172-3\"  class=\"panel-grid panel-has-style\" ><div class=\"panel-row-style panel-row-style-for-172-3\" ><div id=\"pgc-172-3-0\"  class=\"panel-grid-cell panel-grid-cell-empty\" ><\/div><div id=\"pgc-172-3-1\"  class=\"panel-grid-cell panel-grid-cell-empty\" ><\/div><div id=\"pgc-172-3-2\"  class=\"panel-grid-cell panel-grid-cell-empty\" ><\/div><div id=\"pgc-172-3-3\"  class=\"panel-grid-cell panel-grid-cell-mobile-last\" ><div id=\"panel-172-3-3-0\" class=\"so-panel widget widget_sow-image panel-first-child panel-last-child\" data-index=\"12\" ><div\n\t\t\t\n\t\t\tclass=\"so-widget-sow-image so-widget-sow-image-default-8b5b6f678277-172\"\n\t\t\t\n\t\t>\n<div class=\"sow-image-container\">\n\t\t<img \n\tsrc=\"https:\/\/www.synverdis.de\/wp-content\/uploads\/2020\/10\/entwicklung-1.png\" width=\"450\" height=\"400\" srcset=\"https:\/\/www.synverdis.de\/wp-content\/uploads\/2020\/10\/entwicklung-1.png 450w, https:\/\/www.synverdis.de\/wp-content\/uploads\/2020\/10\/entwicklung-1-300x267.png 300w\" sizes=\"(max-width: 450px) 100vw, 450px\" alt=\"\" \t\tclass=\"so-widget-image\"\/>\n\t<\/div>\n\n<\/div><\/div><\/div><div id=\"pgc-172-3-4\"  class=\"panel-grid-cell panel-grid-cell-empty\" ><\/div><\/div><\/div><div id=\"pg-172-4\"  class=\"panel-grid panel-no-style\" ><div id=\"pgc-172-4-0\"  class=\"panel-grid-cell panel-grid-cell-empty\" ><\/div><div id=\"pgc-172-4-1\"  class=\"panel-grid-cell\" ><div id=\"panel-172-4-1-0\" class=\"so-panel widget widget_sow-image panel-first-child panel-last-child\" data-index=\"13\" ><div\n\t\t\t\n\t\t\tclass=\"so-widget-sow-image so-widget-sow-image-default-8b5b6f678277-172\"\n\t\t\t\n\t\t>\n<div class=\"sow-image-container\">\n\t\t<img \n\tsrc=\"https:\/\/www.synverdis.de\/wp-content\/uploads\/2020\/10\/loesungen.jpg\" width=\"583\" height=\"799\" srcset=\"https:\/\/www.synverdis.de\/wp-content\/uploads\/2020\/10\/loesungen.jpg 583w, https:\/\/www.synverdis.de\/wp-content\/uploads\/2020\/10\/loesungen-219x300.jpg 219w\" sizes=\"(max-width: 583px) 100vw, 583px\" alt=\"\" \t\tclass=\"so-widget-image\"\/>\n\t<\/div>\n\n<\/div><\/div><\/div><div id=\"pgc-172-4-2\"  class=\"panel-grid-cell panel-grid-cell-mobile-last\" ><div id=\"panel-172-4-2-0\" class=\"so-panel widget widget_sow-editor panel-first-child\" data-index=\"14\" ><div class=\"panel-widget-style panel-widget-style-for-172-4-2-0\" ><div\n\t\t\t\n\t\t\tclass=\"so-widget-sow-editor so-widget-sow-editor-base\"\n\t\t\t\n\t\t>\n<div class=\"siteorigin-widget-tinymce textwidget\">\n\t<h1><span style=\"color: #808080;\">L\u00f6sungen f\u00fcr \u00c4rzte<br \/>\nund Apotheken<\/span><\/h1>\n<p>Die Synverdis ist ein GMP-Betrieb und somit in der Lage, pharmazeutische Rohstoffe f\u00fcr die humane Anwendung zur Verf\u00fcgung zu stellen.<\/p>\n<\/div>\n<\/div><\/div><\/div><div id=\"panel-172-4-2-1\" class=\"so-panel widget widget_siteorigin-panels-builder panel-last-child\" data-index=\"15\" ><div id=\"pl-w5f8d618f4d31d\"  class=\"panel-layout\" ><div id=\"pg-w5f8d618f4d31d-0\"  class=\"panel-grid panel-has-style\" ><div class=\"panel-row-style panel-row-style-for-w5f8d618f4d31d-0\" ><div id=\"pgc-w5f8d618f4d31d-0-0\"  class=\"panel-grid-cell\" ><div id=\"panel-w5f8d618f4d31d-0-0-0\" class=\"so-panel widget widget_sow-editor panel-first-child panel-last-child\" data-index=\"0\" ><div\n\t\t\t\n\t\t\tclass=\"so-widget-sow-editor so-widget-sow-editor-base\"\n\t\t\t\n\t\t>\n<div class=\"siteorigin-widget-tinymce textwidget\">\n\t<p><span style=\"color: #94d60a;\"><strong>GMP-zertifizierte Analytik<\/strong><\/span><\/p>\n<\/div>\n<\/div><\/div><\/div><\/div><\/div><div id=\"pg-w5f8d618f4d31d-1\"  class=\"panel-grid panel-has-style\" ><div class=\"panel-row-style panel-row-style-for-w5f8d618f4d31d-1\" ><div id=\"pgc-w5f8d618f4d31d-1-0\"  class=\"panel-grid-cell\" ><div id=\"panel-w5f8d618f4d31d-1-0-0\" class=\"so-panel widget widget_sow-editor panel-first-child panel-last-child\" data-index=\"1\" ><div\n\t\t\t\n\t\t\tclass=\"so-widget-sow-editor so-widget-sow-editor-base\"\n\t\t\t\n\t\t>\n<div class=\"siteorigin-widget-tinymce textwidget\">\n\t<p>So k\u00f6nnen wir mithilfe unserer Analytik Unterst\u00fctzung leisten bei der Anwendung unserer Substanzen in der Rezepturherstellung von Apotheken, die dann wiederum ihre \u00c4rzte mit einem <\/p>\n<\/div>\n<\/div><\/div><\/div><div id=\"pgc-w5f8d618f4d31d-1-1\"  class=\"panel-grid-cell\" ><div id=\"panel-w5f8d618f4d31d-1-1-0\" class=\"so-panel widget widget_sow-editor panel-first-child panel-last-child\" data-index=\"2\" ><div\n\t\t\t\n\t\t\tclass=\"so-widget-sow-editor so-widget-sow-editor-base\"\n\t\t\t\n\t\t>\n<div class=\"siteorigin-widget-tinymce textwidget\">\n\t<p>Arzneimittel, das einen GMP-zertifizierten Wirkstoff enth\u00e4lt, beliefern k\u00f6nnen. Arzt und Patient profitieren somit von der gr\u00f6\u00dften Sicherheit, die im Rezepturbereich m\u00f6glich ist.<\/p>\n<\/div>\n<\/div><\/div><\/div><\/div><\/div><\/div><\/div><\/div><div id=\"pgc-172-4-3\"  class=\"panel-grid-cell panel-grid-cell-empty\" ><\/div><\/div><\/div>","protected":false},"excerpt":{"rendered":"<p>L\u00f6sungen f\u00fcr \u00c4rzte und Apotheken Die Synverdis ist ein GMP-Betrieb und somit in der Lage, pharmazeutische Rohstoffe f\u00fcr die humane Anwendung zur Verf\u00fcgung zu stellen. GMP-zertifizierte Analytik So k\u00f6nnen wir mithilfe unserer Analytik Unterst\u00fctzung leisten bei der Anwendung unserer Substanzen in der Rezepturherstellung von Apotheken, die dann wiederum ihre \u00c4rzte mit einem Arzneimittel, das einen [&hellip;]<\/p>\n","protected":false},"author":3,"featured_media":0,"parent":0,"menu_order":0,"comment_status":"closed","ping_status":"closed","template":"fullwidth.php","meta":{"footnotes":""},"class_list":["post-172","page","type-page","status-publish","hentry"],"_links":{"self":[{"href":"https:\/\/www.synverdis.de\/index.php?rest_route=\/wp\/v2\/pages\/172","targetHints":{"allow":["GET"]}}],"collection":[{"href":"https:\/\/www.synverdis.de\/index.php?rest_route=\/wp\/v2\/pages"}],"about":[{"href":"https:\/\/www.synverdis.de\/index.php?rest_route=\/wp\/v2\/types\/page"}],"author":[{"embeddable":true,"href":"https:\/\/www.synverdis.de\/index.php?rest_route=\/wp\/v2\/users\/3"}],"replies":[{"embeddable":true,"href":"https:\/\/www.synverdis.de\/index.php?rest_route=%2Fwp%2Fv2%2Fcomments&post=172"}],"version-history":[{"count":5,"href":"https:\/\/www.synverdis.de\/index.php?rest_route=\/wp\/v2\/pages\/172\/revisions"}],"predecessor-version":[{"id":1462,"href":"https:\/\/www.synverdis.de\/index.php?rest_route=\/wp\/v2\/pages\/172\/revisions\/1462"}],"wp:attachment":[{"href":"https:\/\/www.synverdis.de\/index.php?rest_route=%2Fwp%2Fv2%2Fmedia&parent=172"}],"curies":[{"name":"wp","href":"https:\/\/api.w.org\/{rel}","templated":true}]}}